{"id":130,"date":"2021-01-06T14:23:07","date_gmt":"2021-01-06T13:23:07","guid":{"rendered":"http:\/\/amicaletarbaiseescrime.fr\/?page_id=130"},"modified":"2021-09-13T18:10:51","modified_gmt":"2021-09-13T16:10:51","slug":"historique","status":"publish","type":"page","link":"https:\/\/amicaletarbaiseescrime.fr\/index.php\/historique\/","title":{"rendered":"Historique"},"content":{"rendered":"\n<p>L&rsquo;<strong>Amicale tarbaise d&rsquo;escrime<\/strong>&nbsp;(<strong>ATE<\/strong>) est un club d&rsquo;<a href=\"https:\/\/fr.wikipedia.org\/wiki\/Escrime\">escrime<\/a>&nbsp;<a href=\"https:\/\/fr.wikipedia.org\/wiki\/France\">fran\u00e7ais<\/a>&nbsp;cr\u00e9\u00e9 en&nbsp;<a href=\"https:\/\/fr.wikipedia.org\/wiki\/1921\">1921<\/a>, implant\u00e9 \u00e0&nbsp;<a href=\"https:\/\/fr.wikipedia.org\/wiki\/Tarbes\">Tarbes<\/a>&nbsp;(<a href=\"https:\/\/fr.wikipedia.org\/wiki\/Hautes-Pyr%C3%A9n%C3%A9es\">Hautes-Pyr\u00e9n\u00e9es<\/a>), sacr\u00e9 onze fois champion de France&nbsp;1<sup>re<\/sup>&nbsp;Division par \u00e9quipe au&nbsp;<a href=\"https:\/\/fr.wikipedia.org\/wiki\/Sabre_(escrime)\">sabre<\/a>. Une s\u00e9rie de 10 titres nationaux cons\u00e9cutifs (de 1999 \u00e0 2008) constitue un record en la mati\u00e8re.<\/p>\n\n\n\n<p>Le&nbsp;<a href=\"https:\/\/fr.wikipedia.org\/wiki\/Ma%C3%AEtre_d%27armes\">ma\u00eetre<\/a>&nbsp;<a href=\"https:\/\/fr.wikipedia.org\/wiki\/Ren%C3%A9_Geuna\">Ren\u00e9 Geuna<\/a>&nbsp;fut le fondateur de la section sabre de l&rsquo;Amicale Tarbaise d&rsquo;Escrime et son entra\u00eeneur. \u00c0 la retraite, il est maintenant membre d&rsquo;honneur du club.<\/p>\n\n\n\n<p>Toutes cat\u00e9gories confondues, le club est riche d&rsquo;un palmar\u00e8s de 181 titres nationaux, auxquels s&rsquo;ajoutent des titres mondiaux et olympiques remport\u00e9es par ses membres (voir Palmar\u00e8s). Ce palmar\u00e8s permet incontestablement de situer l&rsquo;ATE parmi les toutes meilleures \u00e9coles de sabre dans le monde, sachant que l&rsquo;escrime au sabre reste sa principale sp\u00e9cialit\u00e9 depuis la venue du Ma\u00eetre&nbsp;<a href=\"https:\/\/fr.wikipedia.org\/wiki\/Ren%C3%A9_Geuna\">Ren\u00e9 Geuna<\/a>&nbsp;dans le club en 1973.<\/p>\n\n\n\n<p>C&rsquo;est notamment par l\u2019interm\u00e9diaire des C.A.S (centres d&rsquo;animation sportive) organis\u00e9s sur les heures d&rsquo;\u00e9ducation physique et sportive dans les coll\u00e8ges de la Ville de Tarbes, que le ma\u00eetre Geuna a recrut\u00e9 ceux qui devinrent d\u00e8s 1976 des sabreurs d&rsquo;un niveau international junior (dont Philippe Delrieu, qui fut le premier sabreur de l&rsquo;ATE \u00e0 avoir particip\u00e9 \u00e0 des comp\u00e9titions internationales, dont les Championnats du Monde des moins de vingt ans de Chicago o\u00f9 il termina \u00e0 la quatri\u00e8me place en 1979, puis, plus tard, aux Championnats du Monde et aux Jeux Olympiques de S\u00e9oul et de Los Angeles).<\/p>\n\n\n\n<p>C&rsquo;est en 1983 que le club conquiert son tout premier titre de Champion de France par \u00e9quipe avec Franck Leclerc (s\u00e9lectionn\u00e9 pour les Championnats du Monde des moins de vingt ans \u00e0 Buenos Aires, plus tard aux Championnats du Monde s\u00e9niors et vainqueur du tournoi de Coupe du Monde de Hanovre) Pierre Guichot, Patrice Van den Reysen, Lionel Martin et Ren\u00e9 Geuna comme rempla\u00e7ant.<\/p>\n\n\n\n<p>Il aura fallu attendre 1990 pour que Ga\u00ebl Touya gagne le premier titre mondial du club en cadet \u00e0 Lyon. Il sera suivi par d&rsquo;autres camarades (Ga\u00ebl Touya, Gildas Cousin, Damien Touya, Anne-Lise Touya, Simon Bedel, Nicolas Lopez et Charles Colleau pour quatorze titres au total)<\/p>\n\n\n\n<p>Aujourd&rsquo;hui, ce sont les ma\u00eetres Eric Maumus,\u00a0<a href=\"https:\/\/fr.wikipedia.org\/wiki\/Nicolas_Lopez_(escrime)\">Nicolas Lopez<\/a> qui assurent la formation des sabreurs.<\/p>\n","protected":false},"excerpt":{"rendered":"<p>L&rsquo;Amicale tarbaise d&rsquo;escrime&nbsp;(ATE) est un club d&rsquo;escrime&nbsp;fran\u00e7ais&nbsp;cr\u00e9\u00e9 en&nbsp;1921, implant\u00e9 \u00e0&nbsp;Tarbes&nbsp;(Hautes-Pyr\u00e9n\u00e9es), sacr\u00e9 onze fois champion de France&nbsp;1re&nbsp;Division par \u00e9quipe au&nbsp;sabre. Une s\u00e9rie de 10 titres nationaux cons\u00e9cutifs (de 1999 \u00e0 2008) [&hellip;]<\/p>\n","protected":false},"author":1,"featured_media":0,"parent":0,"menu_order":0,"comment_status":"closed","ping_status":"closed","template":"","meta":[],"_links":{"self":[{"href":"https:\/\/amicaletarbaiseescrime.fr\/index.php\/wp-json\/wp\/v2\/pages\/130"}],"collection":[{"href":"https:\/\/amicaletarbaiseescrime.fr\/index.php\/wp-json\/wp\/v2\/pages"}],"about":[{"href":"https:\/\/amicaletarbaiseescrime.fr\/index.php\/wp-json\/wp\/v2\/types\/page"}],"author":[{"embeddable":true,"href":"https:\/\/amicaletarbaiseescrime.fr\/index.php\/wp-json\/wp\/v2\/users\/1"}],"replies":[{"embeddable":true,"href":"https:\/\/amicaletarbaiseescrime.fr\/index.php\/wp-json\/wp\/v2\/comments?post=130"}],"version-history":[{"count":2,"href":"https:\/\/amicaletarbaiseescrime.fr\/index.php\/wp-json\/wp\/v2\/pages\/130\/revisions"}],"predecessor-version":[{"id":497,"href":"https:\/\/amicaletarbaiseescrime.fr\/index.php\/wp-json\/wp\/v2\/pages\/130\/revisions\/497"}],"wp:attachment":[{"href":"https:\/\/amicaletarbaiseescrime.fr\/index.php\/wp-json\/wp\/v2\/media?parent=130"}],"curies":[{"name":"wp","href":"https:\/\/api.w.org\/{rel}","templated":true}]}}