{"id":157,"date":"2021-01-06T14:29:02","date_gmt":"2021-01-06T13:29:02","guid":{"rendered":"http:\/\/amicaletarbaiseescrime.fr\/?page_id=157"},"modified":"2024-09-03T18:25:40","modified_gmt":"2024-09-03T16:25:40","slug":"inscriptions","status":"publish","type":"page","link":"https:\/\/amicaletarbaiseescrime.fr\/index.php\/inscriptions\/","title":{"rendered":"Inscriptions"},"content":{"rendered":"<p>T\u00e9l\u00e9charger <a href=\"http:\/\/amicaletarbaiseescrime.fr\/wp-content\/uploads\/2024\/09\/FICHE-dadhe\u0301sion-2024-2025.pdf\">la fiche d&rsquo;adh\u00e9sion 2024-2025 \u00e0 remplir<\/a><\/p>\n<p><span style=\"font-size: 20px;\"><strong>Autorisations m\u00e9dicales :<\/strong><\/span><\/p>\n<p><strong>Pour les cat\u00e9gories M7 (2019 et 2018) et M9 (2017 et 2016)<\/strong>, remplissez <a href=\"http:\/\/amicaletarbaiseescrime.fr\/wp-content\/uploads\/2024\/09\/sportif-mineur.pdf\">l&rsquo;auto-questionnaire de sant\u00e9<\/a>. Nous n&rsquo;avons besoin au club que de l&rsquo;attestation sign\u00e9e par les responsables l\u00e9gaux.<\/p>\n<p><strong>Pour les M11 (2015 et 2014) et plus<\/strong>, un <a href=\"http:\/\/amicaletarbaiseescrime.fr\/wp-content\/uploads\/2024\/09\/CM-simple-surclassement-23-24.pdf\">certificat m\u00e9dical<\/a> est indispensable.<\/p>\n<p>Plus d&rsquo;informations <a href=\"https:\/\/www.ffescrime.fr\/je-suis-en-club\/certificats-medicaux-et-surclassements\/\">sur le site de la f\u00e9d\u00e9ration<\/a>.<\/p>\n","protected":false},"excerpt":{"rendered":"<p>T\u00e9l\u00e9charger la fiche d&rsquo;adh\u00e9sion 2024-2025 \u00e0 remplir Autorisations m\u00e9dicales : Pour les cat\u00e9gories M7 (2019 et 2018) et M9 (2017 et 2016), remplissez l&rsquo;auto-questionnaire de sant\u00e9. Nous n&rsquo;avons besoin au [&hellip;]<\/p>\n","protected":false},"author":1,"featured_media":0,"parent":0,"menu_order":0,"comment_status":"closed","ping_status":"closed","template":"","meta":[],"_links":{"self":[{"href":"https:\/\/amicaletarbaiseescrime.fr\/index.php\/wp-json\/wp\/v2\/pages\/157"}],"collection":[{"href":"https:\/\/amicaletarbaiseescrime.fr\/index.php\/wp-json\/wp\/v2\/pages"}],"about":[{"href":"https:\/\/amicaletarbaiseescrime.fr\/index.php\/wp-json\/wp\/v2\/types\/page"}],"author":[{"embeddable":true,"href":"https:\/\/amicaletarbaiseescrime.fr\/index.php\/wp-json\/wp\/v2\/users\/1"}],"replies":[{"embeddable":true,"href":"https:\/\/amicaletarbaiseescrime.fr\/index.php\/wp-json\/wp\/v2\/comments?post=157"}],"version-history":[{"count":6,"href":"https:\/\/amicaletarbaiseescrime.fr\/index.php\/wp-json\/wp\/v2\/pages\/157\/revisions"}],"predecessor-version":[{"id":1175,"href":"https:\/\/amicaletarbaiseescrime.fr\/index.php\/wp-json\/wp\/v2\/pages\/157\/revisions\/1175"}],"wp:attachment":[{"href":"https:\/\/amicaletarbaiseescrime.fr\/index.php\/wp-json\/wp\/v2\/media?parent=157"}],"curies":[{"name":"wp","href":"https:\/\/api.w.org\/{rel}","templated":true}]}}