{"id":164,"date":"2021-01-06T14:29:02","date_gmt":"2021-01-06T13:29:02","guid":{"rendered":"http:\/\/amicaletarbaiseescrime.fr\/?page_id=164"},"modified":"2021-03-25T16:20:06","modified_gmt":"2021-03-25T15:20:06","slug":"le-plan-dacces","status":"publish","type":"page","link":"https:\/\/amicaletarbaiseescrime.fr\/index.php\/le-plan-dacces\/","title":{"rendered":"Le Plan d&rsquo;Acc\u00e8s"},"content":{"rendered":"<p><strong>Maison de l&rsquo;Escrime,<\/strong><br \/><strong>4 Rue Pierre Lat\u00e9co\u00e8re,<\/strong><br \/><strong>65000 Tarbes<\/strong><\/p>\n<h6>Plan d&rsquo;acc\u00e8s du site de la Maison d&rsquo;escrime.<\/h6>\n<p>\t\t\t<iframe frameborder=\"0\" scrolling=\"no\" marginheight=\"0\" marginwidth=\"0\" src=\"https:\/\/maps.google.com\/maps?q=%20%09Maison%20de%20l%27escrime%2C%20ZI%20Bastillac%20Sud%2065000%20Tarbes&amp;t=m&amp;z=10&amp;output=embed&amp;iwloc=near\" title=\" \tMaison de l&#039;escrime, ZI Bastillac Sud 65000 Tarbes\" aria-label=\" \tMaison de l&#039;escrime, ZI Bastillac Sud 65000 Tarbes\"><\/iframe>\t\t<\/p>\n<h6>Plan plus d\u00e9taill\u00e9.<br \/><\/h6>\n<p>\t\t\t\t\t\t\t\t\t\t<img width=\"640\" height=\"369\" src=\"http:\/\/amicaletarbaiseescrime.fr\/wp-content\/uploads\/2021\/03\/Plan-Acce\u0300s-maison-Escrime-1024x590.png\" alt=\"\" loading=\"lazy\" srcset=\"https:\/\/amicaletarbaiseescrime.fr\/wp-content\/uploads\/2021\/03\/Plan-Acce\u0300s-maison-Escrime-1024x590.png 1024w, https:\/\/amicaletarbaiseescrime.fr\/wp-content\/uploads\/2021\/03\/Plan-Acce\u0300s-maison-Escrime-300x173.png 300w, https:\/\/amicaletarbaiseescrime.fr\/wp-content\/uploads\/2021\/03\/Plan-Acce\u0300s-maison-Escrime-768x443.png 768w, https:\/\/amicaletarbaiseescrime.fr\/wp-content\/uploads\/2021\/03\/Plan-Acce\u0300s-maison-Escrime-1536x885.png 1536w, https:\/\/amicaletarbaiseescrime.fr\/wp-content\/uploads\/2021\/03\/Plan-Acce\u0300s-maison-Escrime.png 1843w\" sizes=\"(max-width: 640px) 100vw, 640px\" \/><\/p>\n","protected":false},"excerpt":{"rendered":"<p>Maison de l&rsquo;Escrime,4 Rue Pierre Lat\u00e9co\u00e8re,65000 Tarbes Plan d&rsquo;acc\u00e8s du site de la Maison d&rsquo;escrime. Plan plus d\u00e9taill\u00e9.<\/p>\n","protected":false},"author":1,"featured_media":0,"parent":0,"menu_order":0,"comment_status":"closed","ping_status":"closed","template":"","meta":[],"_links":{"self":[{"href":"https:\/\/amicaletarbaiseescrime.fr\/index.php\/wp-json\/wp\/v2\/pages\/164"}],"collection":[{"href":"https:\/\/amicaletarbaiseescrime.fr\/index.php\/wp-json\/wp\/v2\/pages"}],"about":[{"href":"https:\/\/amicaletarbaiseescrime.fr\/index.php\/wp-json\/wp\/v2\/types\/page"}],"author":[{"embeddable":true,"href":"https:\/\/amicaletarbaiseescrime.fr\/index.php\/wp-json\/wp\/v2\/users\/1"}],"replies":[{"embeddable":true,"href":"https:\/\/amicaletarbaiseescrime.fr\/index.php\/wp-json\/wp\/v2\/comments?post=164"}],"version-history":[{"count":35,"href":"https:\/\/amicaletarbaiseescrime.fr\/index.php\/wp-json\/wp\/v2\/pages\/164\/revisions"}],"predecessor-version":[{"id":419,"href":"https:\/\/amicaletarbaiseescrime.fr\/index.php\/wp-json\/wp\/v2\/pages\/164\/revisions\/419"}],"wp:attachment":[{"href":"https:\/\/amicaletarbaiseescrime.fr\/index.php\/wp-json\/wp\/v2\/media?parent=164"}],"curies":[{"name":"wp","href":"https:\/\/api.w.org\/{rel}","templated":true}]}}