{"id":375,"date":"2021-03-25T15:41:38","date_gmt":"2021-03-25T14:41:38","guid":{"rendered":"https:\/\/amicaletarbaiseescrime.fr\/?page_id=375"},"modified":"2021-03-25T15:41:38","modified_gmt":"2021-03-25T14:41:38","slug":"les-salles","status":"publish","type":"page","link":"https:\/\/amicaletarbaiseescrime.fr\/index.php\/les-salles\/","title":{"rendered":"Les salles"},"content":{"rendered":"\n<p>La salle d&rsquo;entra\u00eenement \u00ab\u00a0Ma\u00eetre Raoul Cl\u00e9ry\u00a0\u00bb<\/p>\n\n\n\n<p><\/p>\n\n\n\n<p>La salle de comp\u00e9tition \u00ab\u00a0Ma\u00eetre Ren\u00e9 Geuna\u00a0\u00bb<\/p>\n\n\n\n<p><\/p>\n\n\n\n<p>La salle de musculation<\/p>\n\n\n\n<p><\/p>\n\n\n\n<p>La salle de r\u00e9union<\/p>\n\n\n\n<p><\/p>\n\n\n\n<p>Bureau de l&rsquo;Amicale Tarbaise d&rsquo;Escrime<\/p>\n\n\n\n<p><\/p>\n\n\n\n<p>Bureau du Comit\u00e9 d\u00e9partemental<\/p>\n\n\n\n<p><\/p>\n\n\n\n<p>Les deux vestiaires pour filles<\/p>\n\n\n\n<p><\/p>\n\n\n\n<p>Les deux vestiaires pour gar\u00e7ons<\/p>\n","protected":false},"excerpt":{"rendered":"<p>La salle d&rsquo;entra\u00eenement \u00ab\u00a0Ma\u00eetre Raoul Cl\u00e9ry\u00a0\u00bb La salle de comp\u00e9tition \u00ab\u00a0Ma\u00eetre Ren\u00e9 Geuna\u00a0\u00bb La salle de musculation La salle de r\u00e9union Bureau de l&rsquo;Amicale Tarbaise d&rsquo;Escrime Bureau du Comit\u00e9 d\u00e9partemental [&hellip;]<\/p>\n","protected":false},"author":1,"featured_media":0,"parent":0,"menu_order":0,"comment_status":"closed","ping_status":"closed","template":"","meta":[],"_links":{"self":[{"href":"https:\/\/amicaletarbaiseescrime.fr\/index.php\/wp-json\/wp\/v2\/pages\/375"}],"collection":[{"href":"https:\/\/amicaletarbaiseescrime.fr\/index.php\/wp-json\/wp\/v2\/pages"}],"about":[{"href":"https:\/\/amicaletarbaiseescrime.fr\/index.php\/wp-json\/wp\/v2\/types\/page"}],"author":[{"embeddable":true,"href":"https:\/\/amicaletarbaiseescrime.fr\/index.php\/wp-json\/wp\/v2\/users\/1"}],"replies":[{"embeddable":true,"href":"https:\/\/amicaletarbaiseescrime.fr\/index.php\/wp-json\/wp\/v2\/comments?post=375"}],"version-history":[{"count":1,"href":"https:\/\/amicaletarbaiseescrime.fr\/index.php\/wp-json\/wp\/v2\/pages\/375\/revisions"}],"predecessor-version":[{"id":386,"href":"https:\/\/amicaletarbaiseescrime.fr\/index.php\/wp-json\/wp\/v2\/pages\/375\/revisions\/386"}],"wp:attachment":[{"href":"https:\/\/amicaletarbaiseescrime.fr\/index.php\/wp-json\/wp\/v2\/media?parent=375"}],"curies":[{"name":"wp","href":"https:\/\/api.w.org\/{rel}","templated":true}]}}